{"id":1660,"date":"2022-01-10T21:34:48","date_gmt":"2022-01-10T20:34:48","guid":{"rendered":"https:\/\/kienberger-hof.de\/?page_id=1660"},"modified":"2022-01-21T21:16:23","modified_gmt":"2022-01-21T20:16:23","slug":"home","status":"publish","type":"page","link":"https:\/\/pfrontener-hof.de\/en\/","title":{"rendered":"Home"},"content":{"rendered":"<p>[vc_row full_width=&#8221;stretch_row_content&#8221; el_id=&#8221;home-slider&#8221;][vc_column][\/vc_column][\/vc_row][vc_row gap=&#8221;10&#8243; css=&#8221;.vc_custom_1641757807152{padding-top: 50px !important;}&#8221;][vc_column width=&#8221;1\/4&#8243;][vc_widget_sidebar sidebar_id=&#8221;sidebar-vc-1-0&#8243;][\/vc_column][vc_column width=&#8221;1\/2&#8243;][vc_column_text]<\/p>\n<h3 style=\"text-align: center;\"><strong><span style=\"color: #ff6600;\">Welcome to the Hotel Pfrontener Hof!<\/span><\/strong><\/h3>\n<p>[\/vc_column_text][vc_single_image image=&#8221;1637&#8243; img_size=&#8221;full&#8221;][vc_column_text]<\/p>\n<p style=\"text-align: left;\" align=\"center\"><strong>Dear guests,<\/strong><\/p>\n<p style=\"text-align: left;\" align=\"center\">the Allg\u00e4uer Tor &#8211; the K\u00f6nigswinkel &#8211; the region around F\u00fcssen, Schwangau and Pfronten under the peaks of the Ammergau Alps reflects the dreamy Ostallg\u00e4u like the backdrop from a fairy tale.<\/p>\n<p style=\"text-align: left;\" align=\"center\">A paradise of nature for dreamers and discoverers between lofty mountains, picturesque lakes and majestic castles in the white and blue cosmos of Bavaria.<\/p>\n<p style=\"text-align: left;\" align=\"center\">We would like to make alpine enjoyment with Allg\u00e4u hospitality a lasting experience in the classically established Gasthof zum Dampfross &#8211; as it has been for more than 110 years.<\/p>\n<p style=\"text-align: left;\" align=\"center\">At the Royal Bavarian Railway Station on the Kempten &#8211; Garmisch line, the inn with guest rooms, barn and horse stalls was built in 1903\/04. The neighboring Austrian town of Vils with the connection to Tyrol became known beyond the borders due to the salt trade at the time. Lively business activity determined the location of the local connection for many years until it joined the EU.<\/p>\n<p style=\"text-align: left;\" align=\"center\">The restoration went from steam horse to Pfrontener Hof at the end of World War II. 79 \/ 5.000 \u00dcbersetzungsergebnisse Up-to-date renovations were carried out continuously and, in 1986, a complete renovation.<\/p>\n<p style=\"text-align: left;\" align=\"center\">The hosts of the Franz Meyer family, whose brother Karl ran a brewery in Nesselwang, shaped the house for decades with Allg\u00e4u charm and hard work.<\/p>\n<p style=\"text-align: left;\" align=\"center\">This year, too, we are constantly striving to adapt to the modern, but we would like to retain the historical character.<\/p>\n<p style=\"text-align: left;\" align=\"center\">This year, the staff and the landlord G. Wang in the Dampfross restaurant would like to serve you the tradition of joie de vivre with culinary delights.<\/p>\n<p style=\"text-align: left;\" align=\"center\">best regards<\/p>\n<p style=\"text-align: left;\" align=\"center\">Thanks for your visit!<\/p>\n<p>[\/vc_column_text][\/vc_column][vc_column width=&#8221;1\/4&#8243;][vc_widget_sidebar sidebar_id=&#8221;sidebar-vc-2-1&#8243;][\/vc_column][\/vc_row]<\/p>\n","protected":false},"excerpt":{"rendered":"<p>[vc_row full_width=&#8221;stretch_row_content&#8221; el_id=&#8221;home-slider&#8221;][vc_column][\/vc_column][\/vc_row][vc_row gap=&#8221;10&#8243; css=&#8221;.vc_custom_1641757807152{padding-top: 50px !important;}&#8221;][vc_column width=&#8221;1\/4&#8243;][vc_widget_sidebar sidebar_id=&#8221;sidebar-vc-1-0&#8243;][\/vc_column][vc_column width=&#8221;1\/2&#8243;][vc_column_text] Welcome to the Hotel Pfrontener Hof! [\/vc_column_text][vc_single_image image=&#8221;1637&#8243; img_size=&#8221;full&#8221;][vc_column_text] Dear guests, the Allg\u00e4uer Tor &#8211; the K\u00f6nigswinkel &#8211; the region around F\u00fcssen, Schwangau and Pfronten under the peaks of the Ammergau Alps reflects the dreamy Ostallg\u00e4u like the backdrop from a fairy tale. A paradise<a class=\"article-read-more\" href=\"https:\/\/pfrontener-hof.de\/en\/\"><i class=\"flownewsicon fa-angle-double-right\"><\/i><\/a><\/p>\n","protected":false},"author":1,"featured_media":0,"parent":0,"menu_order":0,"comment_status":"closed","ping_status":"closed","template":"","meta":{"footnotes":""},"class_list":["post-1660","page","type-page","status-publish","hentry"],"_links":{"self":[{"href":"https:\/\/pfrontener-hof.de\/en\/wp-json\/wp\/v2\/pages\/1660","targetHints":{"allow":["GET"]}}],"collection":[{"href":"https:\/\/pfrontener-hof.de\/en\/wp-json\/wp\/v2\/pages"}],"about":[{"href":"https:\/\/pfrontener-hof.de\/en\/wp-json\/wp\/v2\/types\/page"}],"author":[{"embeddable":true,"href":"https:\/\/pfrontener-hof.de\/en\/wp-json\/wp\/v2\/users\/1"}],"replies":[{"embeddable":true,"href":"https:\/\/pfrontener-hof.de\/en\/wp-json\/wp\/v2\/comments?post=1660"}],"version-history":[{"count":8,"href":"https:\/\/pfrontener-hof.de\/en\/wp-json\/wp\/v2\/pages\/1660\/revisions"}],"predecessor-version":[{"id":1668,"href":"https:\/\/pfrontener-hof.de\/en\/wp-json\/wp\/v2\/pages\/1660\/revisions\/1668"}],"wp:attachment":[{"href":"https:\/\/pfrontener-hof.de\/en\/wp-json\/wp\/v2\/media?parent=1660"}],"curies":[{"name":"wp","href":"https:\/\/api.w.org\/{rel}","templated":true}]}}